{"id":124,"date":"2020-03-13T20:47:07","date_gmt":"2020-03-13T19:47:07","guid":{"rendered":"https:\/\/matilsapolska.pl\/index.php\/kontakt\/"},"modified":"2023-09-04T10:57:33","modified_gmt":"2023-09-04T08:57:33","slug":"kontakt","status":"publish","type":"page","link":"https:\/\/matilsapolska.pl\/index.php\/kontakt\/","title":{"rendered":"Kontakt"},"content":{"rendered":"<div class=\"\" style=\"\" >\n    \n    <section class=\"u-align-center u-clearfix u-image u-shading u-section-2\" id=\"sec-971b\" data-image-width=\"750\" data-image-height=\"500\" style=\"background-image: linear-gradient(0deg, rgba(0, 0, 0, 0.55), rgba(0, 0, 0, 0.55)), url(&quot;https:\/\/matilsapolska.pl\/wp-content\/uploads\/2020\/03\/matilsa_parma17_031.jpg&quot;);\">\n      <div class=\"u-clearfix u-sheet u-sheet-1\">\n        <p class=\"u-text u-text-1\">Matilsa Polska<br>Bezpo\u015bredni przedstawiciel w Polsce i importer <br>przyczep z podno\u015bnikami Matilsa Parma&nbsp; \n        <\/p>\n        <div class=\"data-layout-selected u-clearfix u-expanded-width u-gutter-10 u-layout-wrap u-layout-wrap-1\">\n          <div class=\"u-gutter-0 u-layout\">\n            <div class=\"u-layout-row\">\n              <div class=\"u-align-left u-container-style u-layout-cell u-left-cell u-size-30 u-layout-cell-1\">\n                <div class=\"u-container-layout u-container-layout-1\">\n                  <h2 class=\"u-text u-text-2\">Mateco podesty ruchome Sp. z o.o.&nbsp;<\/h2>\n                  <p class=\"u-text u-text-3\">ul. Murarska 27,&nbsp; &nbsp;43-100 Tychy<\/p>\n                  <p class=\"u-text u-text-4\">kom. +48 506 191 381<br>\n                  <\/p>\n                  <p class=\"u-text u-text-5\">tel. +48 32 32 32 037&nbsp;<\/p>\n                  <p class=\"u-text u-text-6\">\n                    <a class=\"u-active-none u-border-none u-btn u-button-link u-button-style u-hover-none u-none u-text-palette-1-light-2 u-btn-1\" href=\"mailto:biuro@matilsapolska.pl?subject=biuro@matilsapolska.pl\">biuro@matilsapolska.pl<\/a>\n                  <\/p>\n                  <div class=\"u-form u-form-1\">\n                            <script>\n            function onSuccess(event) {\n                if (typeof window.serviceRequest !== 'undefined') {\n                    window.serviceRequest(jQuery(this).find('form'));\n                }\n                var msgContainer = jQuery(event.currentTarget).find('.wpcf7-response-output');\n                msgContainer.removeClass('u-form-send-error').addClass('u-form-send-message u-form-send-success');\n                msgContainer.show();\n                var redirectAddress = jQuery(event.currentTarget).find('[redirect-address]').attr('redirect-address');\n                if (redirectAddress) {\n                    setTimeout(function () {\n                        location.replace(redirectAddress);\n                    }, 2000);\n                }\n            }\n            function onError(event) {\n                var msgContainer = jQuery(event.currentTarget).find('.wpcf7-response-output');\n                msgContainer.removeClass('u-form-send-success').addClass('u-form-send-message u-form-send-error');\n                msgContainer.show();\n            }\n\n            jQuery('body')\n                .on('wpcf7mailsent',   '.u-form .wpcf7', onSuccess)\n                .on('wpcf7invalid',    '.u-form .wpcf7', onError)\n                .on('wpcf7:unaccepted', '.u-form .wpcf7', onError)\n                .on('wpcf7spam',       '.u-form .wpcf7', onError)\n                .on('wpcf7:aborted',    '.u-form .wpcf7', onError)\n                .on('wpcf7mailfailed', '.u-form .wpcf7', onError);\n        <\/script>\n        <style>\n            .u-form .wpcf7-response-output {\n                \/*position: relative !important;*\/\n                margin: 0 !important;\n                bottom: -70px!important;\n            }\n            .u-form .wpcf7 .ajax-loader {\n                margin-left: -24px;\n                margin-right: 0;\n            }\n        <\/style>\n\n<div class=\"wpcf7 no-js\" id=\"wpcf7-f219-o1\" lang=\"pl-PL\" dir=\"ltr\" data-wpcf7-id=\"219\">\n<div class=\"screen-reader-response\"><p role=\"status\" aria-live=\"polite\" aria-atomic=\"true\"><\/p> <ul><\/ul><\/div>\n<form action=\"\/index.php\/wp-json\/wp\/v2\/pages\/124#wpcf7-f219-o1\" method=\"post\" class=\"wpcf7-form init u-block-782c-35 u-clearfix u-form-spacing-15 u-form-vertical u-inner-form u-form-custom-backend\" aria-label=\"Formularz kontaktowy\" novalidate=\"novalidate\" data-status=\"init\">\n<fieldset class=\"hidden-fields-container\"><input type=\"hidden\" name=\"_wpcf7\" value=\"219\" \/><input type=\"hidden\" name=\"_wpcf7_version\" value=\"6.1.5\" \/><input type=\"hidden\" name=\"_wpcf7_locale\" value=\"pl_PL\" \/><input type=\"hidden\" name=\"_wpcf7_unit_tag\" value=\"wpcf7-f219-o1\" \/><input type=\"hidden\" name=\"_wpcf7_container_post\" value=\"0\" \/><input type=\"hidden\" name=\"_wpcf7_posted_data_hash\" value=\"\" \/><input type=\"hidden\" name=\"_wpcf7_recaptcha_response\" value=\"\" \/>\n<\/fieldset>\n\n                      <div class=\"u-form-group wpcf7-form-control-wrap u-form-group wpcf7-form-control-wrap-1\">\n                        <label for=\"text-cfff\" class=\"u-label\">Imi\u0119<\/label>\n                        <input type=\"text\" placeholder=\"Imi\u0119\" id=\"text-cfff\" name=\"imie\" class=\"u-input\">\n                      <\/div>\n                      <div class=\"u-form-group wpcf7-form-control-wrap u-form-group wpcf7-form-control-wrap-2\">\n                        <label for=\"text-cc1b\" class=\"u-label\">Nazwisko<\/label>\n                        <input type=\"text\" placeholder=\"Nazwisko\" id=\"text-cc1b\" name=\"nazwisko\" class=\"u-input\">\n                      <\/div>\n                      <div class=\"u-form-email u-form-group wpcf7-form-control-wrap u-form-group wpcf7-form-control-wrap-3\">\n                        <label for=\"email-082c\" class=\"u-label\">Email<\/label>\n                        <input type=\"email\" placeholder=\"Email - pole wymagane\" id=\"email-082c\" name=\"email\" class=\"u-input\" required=\"\">\n                        <div style=\"position: relative !important; height: 0px; width: 0px; float: left !important;\"><\/div>\n                      <\/div>\n                      <div class=\"u-form-group wpcf7-form-control-wrap u-form-phone u-form-group wpcf7-form-control-wrap-4\">\n                        <label for=\"phone-fb19\" class=\"u-label\">Telefon<\/label>\n                        <input type=\"tel\" pattern=\"+?d{0,2}[s(-]?([0-9]{3})[s)-]?([s-]?)([0-9]{3})[s-]?([0-9]{2})[s-]?([0-9]{2})\" placeholder=\"Telefon - pole wymagane\" id=\"phone-fb19\" name=\"telefon\" class=\"u-input wpcf7-form-control u-input-rectangle\" required=\"required\">\n                      <\/div>\n                      <div class=\"u-form-group wpcf7-form-control-wrap u-form-name\">\n                        <label for=\"name-c3bf\" class=\"u-label\"> Nazwa firmy<\/label>\n                        <input type=\"text\" placeholder=\"Nazwa firmy\" id=\"name-c3bf\" name=\"firma\" class=\"u-input\">\n                      <\/div>\n                      <div class=\"u-form-group wpcf7-form-control-wrap u-form-group wpcf7-form-control-wrap-6\">\n                        <label for=\"text-886a\" class=\"u-label\">Numer NIP bez kresek<\/label>\n                        <input type=\"text\" id=\"text-886a\" name=\"nip\" class=\"u-input\" placeholder=\"Numer NIP bez kresek\">\n                      <\/div>\n                      <div class=\"u-form-group wpcf7-form-control-wrap u-form-message\">\n                        <label for=\"message-c3bf\" class=\"u-label\">Wiadomo\u015b\u0107<\/label>\n                        <textarea placeholder=\"Napisz wiadomo\u015b\u0107 do nas\" rows=\"4\" cols=\"50\" id=\"message-c3bf\" name=\"wiadomosc\" class=\"u-input\" required=\"\"><\/textarea>\n                      <\/div>\n                      <div class=\"u-form-group wpcf7-form-control-wrap u-form-submit wpcf7-form-control\">\n                        <a href=\"#\" class=\"u-btn u-btn-submit wpcf7-submit u-button-style\">Prze\u015blij<\/a>\n                        <input type=\"submit\" value=\"submit\" class=\"u-form-control-hidden\">\n                      <\/div>\n                      <div class=\"u-form-send-message u-form-send-success\">Dzi\u0119kujemy! Twoja wiadomo\u015b\u0107 zosta\u0142a wys\u0142ana.<\/div>\n                      <div class=\"u-form-send-error u-form-send-message\">Nie mo\u017cna wys\u0142a\u0107 wiadomo\u015bci. Prosz\u0119 poprawi\u0107 b\u0142\u0119dy i spr\u00f3bowa\u0107 ponownie.<\/div>\n                      <input type=\"hidden\" value=\"\" name=\"recaptchaResponse\">\n                    <input type=\"hidden\" name=\"_contact7_backend\" value=\"1\"><div class=\"wpcf7-response-output\" aria-hidden=\"true\"><\/div>\n<\/form>\n<\/div>\n\n                  <\/div>\n                <\/div>\n              <\/div>\n              <div class=\"u-align-left u-container-style u-layout-cell u-right-cell u-size-30 u-layout-cell-2\">\n                <div class=\"u-container-layout u-container-layout-2\">\n                  <div class=\"u-align-left u-grey-10 u-map u-map-1\">\n                    <div class=\"embed-responsive\">\n                      <iframe class=\"embed-responsive-item\" src=\"\/\/maps.google.com\/maps?output=embed&amp;q=ul.%20Murarska%2027%2C%2043-100%20Tychy&amp;t=m\" data-map=\"JTdCJTIycG9zaXRpb25UeXBlJTIyJTNBJTIybWFwLWFkZHJlc3MlMjIlMkMlMjJhZGRyZXNzJTIyJTNBJTIydWwuJTIwTXVyYXJza2ElMjAyNyUyQyUyMDQzLTEwMCUyMFR5Y2h5JTIyJTJDJTIyem9vbSUyMiUzQTAlMkMlMjJ0eXBlSWQlMjIlM0ElMjJyb2FkJTIyJTJDJTIybGFuZyUyMiUzQW51bGwlMkMlMjJhcGlLZXklMjIlM0FudWxsJTJDJTIybWFya2VycyUyMiUzQSU1QiU1RCU3RA==\"><\/iframe>\n                    <\/div>\n                  <\/div>\n                <\/div>\n              <\/div>\n            <\/div>\n          <\/div>\n        <\/div>\n      <\/div>\n    <\/section>\n    \n    \n    \n  \n<\/div>","protected":false},"excerpt":{"rendered":"<p>Matilsa PolskaBezpo\u015bredni przedstawiciel w Polsce i importer przyczep z podno\u015bnikami Matilsa Parma&nbsp; Mateco podesty ruchome Sp. z o.o.&nbsp; ul. Murarska 27,&nbsp; &nbsp;43-100 Tychy kom. +48 506 191 381 tel. +48 32 32 32 037&nbsp; biuro@matilsapolska.pl Imi\u0119 Nazwisko Email Telefon Nazwa firmy Numer NIP bez kresek Wiadomo\u015b\u0107 Prze\u015blij Dzi\u0119kujemy! Twoja wiadomo\u015b\u0107 zosta\u0142a wys\u0142ana. Nie mo\u017cna wys\u0142a\u0107 &hellip; <a href=\"https:\/\/matilsapolska.pl\/index.php\/kontakt\/\" class=\"more-link\">Continue reading<span class=\"screen-reader-text\"> &#8222;Kontakt&#8221;<\/span><\/a><\/p>\n","protected":false},"author":1,"featured_media":0,"parent":0,"menu_order":3,"comment_status":"closed","ping_status":"closed","template":"","meta":{"_monsterinsights_skip_tracking":false,"_monsterinsights_sitenote_active":false,"_monsterinsights_sitenote_note":"","_monsterinsights_sitenote_category":0,"footnotes":""},"class_list":["post-124","page","type-page","status-publish","hentry"],"_links":{"self":[{"href":"https:\/\/matilsapolska.pl\/index.php\/wp-json\/wp\/v2\/pages\/124","targetHints":{"allow":["GET"]}}],"collection":[{"href":"https:\/\/matilsapolska.pl\/index.php\/wp-json\/wp\/v2\/pages"}],"about":[{"href":"https:\/\/matilsapolska.pl\/index.php\/wp-json\/wp\/v2\/types\/page"}],"author":[{"embeddable":true,"href":"https:\/\/matilsapolska.pl\/index.php\/wp-json\/wp\/v2\/users\/1"}],"replies":[{"embeddable":true,"href":"https:\/\/matilsapolska.pl\/index.php\/wp-json\/wp\/v2\/comments?post=124"}],"version-history":[{"count":9,"href":"https:\/\/matilsapolska.pl\/index.php\/wp-json\/wp\/v2\/pages\/124\/revisions"}],"predecessor-version":[{"id":233,"href":"https:\/\/matilsapolska.pl\/index.php\/wp-json\/wp\/v2\/pages\/124\/revisions\/233"}],"wp:attachment":[{"href":"https:\/\/matilsapolska.pl\/index.php\/wp-json\/wp\/v2\/media?parent=124"}],"curies":[{"name":"wp","href":"https:\/\/api.w.org\/{rel}","templated":true}]}}