{"id":126,"date":"2020-03-13T20:47:09","date_gmt":"2020-03-13T19:47:09","guid":{"rendered":"https:\/\/matilsapolska.pl\/index.php\/cennik\/"},"modified":"2024-05-13T13:29:31","modified_gmt":"2024-05-13T11:29:31","slug":"cennik","status":"publish","type":"page","link":"https:\/\/matilsapolska.pl\/index.php\/cennik\/","title":{"rendered":"CENNIK"},"content":{"rendered":"<div class=\"\" style=\"\" >\n    \n    <section class=\"u-clearfix u-grey-10 u-section-2\" id=\"sec-adc8\">\n      <div class=\"u-clearfix u-sheet u-valign-middle u-sheet-1\">\n        <div class=\"data-layout-selected u-clearfix u-expanded-width u-gutter-0 u-layout-spacing-vertical u-layout-wrap u-layout-wrap-1\">\n          <div class=\"u-layout\">\n            <div class=\"u-layout-row\">\n              <div class=\"u-container-style u-image u-layout-cell u-right-cell u-size-20 u-image-1\" src=\"\" data-image-width=\"950\" data-image-height=\"500\" style=\"background-image: url(&quot;https:\/\/matilsapolska.pl\/wp-content\/uploads\/2020\/03\/matilsa01.gif&quot;);\">\n                <div class=\"u-container-layout u-container-layout-1\"><\/div>\n              <\/div>\n              <div class=\"u-align-left u-container-style u-layout-cell u-left-cell u-size-40 u-layout-cell-2\">\n                <div class=\"u-container-layout u-valign-top u-container-layout-2\">\n                  <h2 class=\"u-text u-text-1\">CENNIK PODEST\u00d3W MATILSA PARMA<\/h2>\n                  <p class=\"u-text u-text-2\">Ceny podest\u00f3w na przyczepach Matilsa Parma rozpoczynaj\u0105 si\u0119 ju\u017c&nbsp; <br>od kwoty 16.950 EUR netto <br>\n                    <br>Poniewa\u017c podesty s\u0105 produkowane i sprzedawane w r\u00f3\u017cnych opcjach zasilania i wyposa\u017ceniowych prosimy ka\u017cdorazowo o kontakt z naszym przedstawicielem celem sporz\u0105dzenia aktualnej oferty.&nbsp; &nbsp; \n                  <\/p>\n                <\/div>\n              <\/div>\n            <\/div>\n          <\/div>\n        <\/div>\n      <\/div>\n    <\/section>\n    <section class=\"u-align-center u-clearfix u-image u-shading u-section-3\" data-image-width=\"700\" data-image-height=\"467\" id=\"sec-3876\" style=\"background-image: linear-gradient(0deg, rgba(0, 0, 0, 0.5), rgba(0, 0, 0, 0.5)), url(&quot;https:\/\/matilsapolska.pl\/wp-content\/uploads\/2020\/03\/parma12_013.jpg&quot;);\">\n      <div class=\"u-clearfix u-sheet u-sheet-1\">\n        <h1 class=\"u-text u-text-1\">Zapytaj o OFERT\u0118<\/h1>\n        <div class=\"data-layout-selected u-clearfix u-expanded-width u-gutter-10 u-layout-wrap u-layout-wrap-1\">\n          <div class=\"u-layout\">\n            <div class=\"u-layout-row\">\n              <div class=\"u-align-center-sm u-align-center-xs u-align-left-lg u-align-left-md u-align-left-xl u-container-style u-layout-cell u-left-cell u-size-30 u-layout-cell-1\">\n                <div class=\"u-container-layout u-container-layout-1\">\n                  <h2 class=\"u-text u-text-2\">Dzia\u0142 Sprzeda\u017cy<\/h2>\n                  <p class=\"u-text u-text-3\">Sprzeda\u017c nowych podest\u00f3w<\/p>\n                  <p class=\"u-align-left u-res-move-started u-text u-text-4\">tel. 32 32 32 037<\/p>\n                  <p class=\"u-text u-text-5\">kom. 506 191 381<\/p>\n                  <p class=\"u-text u-text-6\">\n                    <a href=\"mailto:biuro@matilsapolska.pl\" class=\"u-active-none u-border-none u-btn u-button-link u-button-style u-hover-none u-none u-text-palette-1-base u-btn-1\">\n                      <span class=\"u-text-palette-1-light-2\">biuro@matilsapolska.pl<\/span>\n                      <span style=\"font-weight: 400;\"><\/span>\n                    <\/a>\n                  <\/p>\n                <\/div>\n              <\/div>\n              <div class=\"u-align-left u-container-style u-layout-cell u-right-cell u-size-30 u-layout-cell-2\">\n                <div class=\"u-container-layout u-container-layout-2\">\n                  <div class=\"u-form u-form-1\">\n                            <script>\n            function onSuccess(event) {\n                if (typeof window.serviceRequest !== 'undefined') {\n                    window.serviceRequest(jQuery(this).find('form'));\n                }\n                var msgContainer = jQuery(event.currentTarget).find('.wpcf7-response-output');\n                msgContainer.removeClass('u-form-send-error').addClass('u-form-send-message u-form-send-success');\n                msgContainer.show();\n                var redirectAddress = jQuery(event.currentTarget).find('[redirect-address]').attr('redirect-address');\n                if (redirectAddress) {\n                    setTimeout(function () {\n                        location.replace(redirectAddress);\n                    }, 2000);\n                }\n            }\n            function onError(event) {\n                var msgContainer = jQuery(event.currentTarget).find('.wpcf7-response-output');\n                msgContainer.removeClass('u-form-send-success').addClass('u-form-send-message u-form-send-error');\n                msgContainer.show();\n            }\n\n            jQuery('body')\n                .on('wpcf7mailsent',   '.u-form .wpcf7', onSuccess)\n                .on('wpcf7invalid',    '.u-form .wpcf7', onError)\n                .on('wpcf7:unaccepted', '.u-form .wpcf7', onError)\n                .on('wpcf7spam',       '.u-form .wpcf7', onError)\n                .on('wpcf7:aborted',    '.u-form .wpcf7', onError)\n                .on('wpcf7mailfailed', '.u-form .wpcf7', onError);\n        <\/script>\n        <style>\n            .u-form .wpcf7-response-output {\n                \/*position: relative !important;*\/\n                margin: 0 !important;\n                bottom: -70px!important;\n            }\n            .u-form .wpcf7 .ajax-loader {\n                margin-left: -24px;\n                margin-right: 0;\n            }\n        <\/style>\n\n<div class=\"wpcf7 no-js\" id=\"wpcf7-f212-o1\" lang=\"pl-PL\" dir=\"ltr\" data-wpcf7-id=\"212\">\n<div class=\"screen-reader-response\"><p role=\"status\" aria-live=\"polite\" aria-atomic=\"true\"><\/p> <ul><\/ul><\/div>\n<form style=\"padding: 10px;\" action=\"\/index.php\/wp-json\/wp\/v2\/pages\/126#wpcf7-f212-o1\" method=\"post\" class=\"wpcf7-form init u-clearfix u-form-spacing-10 u-form-vertical u-inner-form u-form-custom-backend\" aria-label=\"Formularz kontaktowy\" novalidate=\"novalidate\" data-status=\"init\">\n<fieldset class=\"hidden-fields-container\"><input type=\"hidden\" name=\"_wpcf7\" value=\"212\" \/><input type=\"hidden\" name=\"_wpcf7_version\" value=\"6.1.5\" \/><input type=\"hidden\" name=\"_wpcf7_locale\" value=\"pl_PL\" \/><input type=\"hidden\" name=\"_wpcf7_unit_tag\" value=\"wpcf7-f212-o1\" \/><input type=\"hidden\" name=\"_wpcf7_container_post\" value=\"0\" \/><input type=\"hidden\" name=\"_wpcf7_posted_data_hash\" value=\"\" \/><input type=\"hidden\" name=\"_wpcf7_recaptcha_response\" value=\"\" \/>\n<\/fieldset>\n\n                      <div class=\"u-form-group wpcf7-form-control-wrap u-form-name\">\n                        <label for=\"name-1e30\" class=\"u-label\">Imi\u0119<\/label>\n                        <input type=\"text\" placeholder=\"Imi\u0119\" id=\"name-1e30\" name=\"imie\" class=\"u-input wpcf7-form-control u-input-rectangle\" required=\"\">\n                      <\/div>\n                      <div class=\"u-form-group wpcf7-form-control-wrap u-form-group wpcf7-form-control-wrap-2\">\n                        <label for=\"text-bd50\" class=\"u-label\">Nazwisko<\/label>\n                        <input type=\"text\" placeholder=\"Nazwisko\" id=\"text-bd50\" name=\"nazwisko\" class=\"u-input wpcf7-form-control u-input-rectangle\">\n                      <\/div>\n                      <div class=\"u-form-email u-form-group wpcf7-form-control-wrap u-form-group wpcf7-form-control-wrap-3\">\n                        <label for=\"email-89dd\" class=\"u-label\">Email<\/label>\n                        <input type=\"email\" placeholder=\"Email - pole wymagane\" id=\"email-89dd\" name=\"email\" class=\"u-input wpcf7-form-control u-input-rectangle\" required=\"\">\n                        <div style=\"position: relative !important; height: 0px; width: 0px; float: left !important;\"><\/div>\n                      <\/div>\n                      <div class=\"u-form-group wpcf7-form-control-wrap u-form-phone u-form-group wpcf7-form-control-wrap-4\">\n                        <label for=\"phone-0e5d\" class=\"u-label\">Telefon<\/label>\n                        <input type=\"tel\" pattern=\"\\+?\\d{0,3}[\\s\\(\\-]?([0-9]{2,3})[\\s\\)\\-]?([\\s\\-]?)([0-9]{3})[\\s\\-]?([0-9]{2})[\\s\\-]?([0-9]{2})\" placeholder=\"Telefon - pole wymagane\" id=\"phone-0e5d\" name=\"telefon\" class=\"u-input wpcf7-form-control u-input-rectangle\" required=\"\">\n                      <\/div>\n                      <div class=\"u-form-group wpcf7-form-control-wrap u-form-group wpcf7-form-control-wrap-5\">\n                        <label for=\"text-d45c\" class=\"u-label\">Nazwa firmy<\/label>\n                        <input type=\"text\" placeholder=\"Nazwa firmy\" id=\"text-d45c\" name=\"firma\" class=\"u-input wpcf7-form-control u-input-rectangle\">\n                      <\/div>\n                      <div class=\"u-form-group wpcf7-form-control-wrap u-form-group wpcf7-form-control-wrap-6\">\n                        <label for=\"text-be51\" class=\"u-label\">Numer NIP bez kresek<\/label>\n                        <input type=\"text\" placeholder=\"Numer NIP bez kresek\" id=\"text-be51\" name=\"nip\" class=\"u-input wpcf7-form-control u-input-rectangle\">\n                      <\/div>\n                      <div class=\"u-form-group wpcf7-form-control-wrap u-form-message\">\n                        <label for=\"message-1e30\" class=\"u-label\">Wiadomo\u015b\u0107<\/label>\n                        <textarea placeholder=\"Tre\u015b\u0107 wiadomo\u015bci\" rows=\"4\" cols=\"50\" id=\"message-1e30\" name=\"wiadomosc\" class=\"u-input wpcf7-form-control u-input-rectangle\" required=\"\"><\/textarea>\n                      <\/div>\n                      <div class=\"u-align-left u-form-group wpcf7-form-control-wrap u-form-submit wpcf7-form-control\">\n                        <a href=\"#\" class=\"u-btn u-btn-submit wpcf7-submit u-button-style\">Prze\u015blij<\/a>\n                        <input type=\"submit\" value=\"submit\" class=\"u-form-control-hidden\">\n                      <\/div>\n                      <div class=\"u-form-send-message u-form-send-success\"> Dzi\u0119kujemy! Twoja wiadomo\u015b\u0107 zosta\u0142a wys\u0142ana. <\/div>\n                      <div class=\"u-form-send-error u-form-send-message\"> Nie mo\u017cna wys\u0142a\u0107 wiadomo\u015bci. Prosz\u0119 poprawi\u0107 b\u0142\u0119dy i spr\u00f3bowa\u0107 ponownie. <\/div>\n                      <input type=\"hidden\" value=\"\" name=\"recaptchaResponse\">\n                    <input type=\"hidden\" name=\"_contact7_backend\" value=\"1\"><div class=\"wpcf7-response-output\" aria-hidden=\"true\"><\/div>\n<\/form>\n<\/div>\n\n                  <\/div>\n                <\/div>\n              <\/div>\n            <\/div>\n          <\/div>\n        <\/div>\n      <\/div>\n    <\/section>\n    \n    \n    \n  \n<\/div>","protected":false},"excerpt":{"rendered":"<p>CENNIK PODEST\u00d3W MATILSA PARMA Ceny podest\u00f3w na przyczepach Matilsa Parma rozpoczynaj\u0105 si\u0119 ju\u017c&nbsp; od kwoty 16.950 EUR netto Poniewa\u017c podesty s\u0105 produkowane i sprzedawane w r\u00f3\u017cnych opcjach zasilania i wyposa\u017ceniowych prosimy ka\u017cdorazowo o kontakt z naszym przedstawicielem celem sporz\u0105dzenia aktualnej oferty.&nbsp; &nbsp; Zapytaj o OFERT\u0118 Dzia\u0142 Sprzeda\u017cy Sprzeda\u017c nowych podest\u00f3w tel. 32 32 32 037 &hellip; <a href=\"https:\/\/matilsapolska.pl\/index.php\/cennik\/\" class=\"more-link\">Continue reading<span class=\"screen-reader-text\"> &#8222;CENNIK&#8221;<\/span><\/a><\/p>\n","protected":false},"author":1,"featured_media":0,"parent":0,"menu_order":5,"comment_status":"closed","ping_status":"closed","template":"","meta":{"_monsterinsights_skip_tracking":false,"_monsterinsights_sitenote_active":false,"_monsterinsights_sitenote_note":"","_monsterinsights_sitenote_category":0,"footnotes":""},"class_list":["post-126","page","type-page","status-publish","hentry"],"_links":{"self":[{"href":"https:\/\/matilsapolska.pl\/index.php\/wp-json\/wp\/v2\/pages\/126","targetHints":{"allow":["GET"]}}],"collection":[{"href":"https:\/\/matilsapolska.pl\/index.php\/wp-json\/wp\/v2\/pages"}],"about":[{"href":"https:\/\/matilsapolska.pl\/index.php\/wp-json\/wp\/v2\/types\/page"}],"author":[{"embeddable":true,"href":"https:\/\/matilsapolska.pl\/index.php\/wp-json\/wp\/v2\/users\/1"}],"replies":[{"embeddable":true,"href":"https:\/\/matilsapolska.pl\/index.php\/wp-json\/wp\/v2\/comments?post=126"}],"version-history":[{"count":9,"href":"https:\/\/matilsapolska.pl\/index.php\/wp-json\/wp\/v2\/pages\/126\/revisions"}],"predecessor-version":[{"id":241,"href":"https:\/\/matilsapolska.pl\/index.php\/wp-json\/wp\/v2\/pages\/126\/revisions\/241"}],"wp:attachment":[{"href":"https:\/\/matilsapolska.pl\/index.php\/wp-json\/wp\/v2\/media?parent=126"}],"curies":[{"name":"wp","href":"https:\/\/api.w.org\/{rel}","templated":true}]}}