{"id":131,"date":"2020-03-13T20:47:14","date_gmt":"2020-03-13T19:47:14","guid":{"rendered":"https:\/\/matilsapolska.pl\/index.php\/matilsa-parma-17\/"},"modified":"2020-03-23T23:49:56","modified_gmt":"2020-03-23T22:49:56","slug":"matilsa-parma-17","status":"publish","type":"page","link":"https:\/\/matilsapolska.pl\/index.php\/matilsa-parma-17\/","title":{"rendered":"Matilsa Parma 17"},"content":{"rendered":"<div class=\"\" style=\"\" >\n    \n    <section class=\"u-align-center u-clearfix u-image u-shading u-section-2\" src=\"\" data-image-width=\"2500\" data-image-height=\"850\" id=\"sec-30da\">\n      <div class=\"u-clearfix u-sheet u-sheet-1\">\n        <h1 class=\"u-text u-text-default u-title u-text-1\">MATILSA PARMA 17<\/h1>\n        <p class=\"u-large-text u-text u-text-default u-text-variant u-text-2\">wysoko\u015b\u0107 robocza 17m<\/p>\n      <\/div>\n    <\/section>\n    <section class=\"u-align-center u-clearfix u-palette-1-light-3 u-section-3\" id=\"sec-5f52\">\n      <div class=\"u-clearfix u-sheet u-sheet-1\">\n        <h2 class=\"u-text u-text-1\">Matilsa Parma 17<\/h2>\n        <p class=\"u-text u-text-2\">Podno\u015bnik teleskopowo przegubowy na przyczepie ci\u0105gnionej przez samoch\u00f3d o wysoko\u015bci roboczej 17m.&nbsp;Trzy mo\u017cliwe \u017ar\u00f3d\u0142a zasilania (akumulatory 230 V AC, 24 V lub silnik spalinowy). Wersja standardowa wyposa\u017cona w hydrauliczne stabilizatory.\n          \n          <br>\n        <\/p>\n        <div class=\"u-container-style u-expanded-width-md u-expanded-width-sm u-expanded-width-xs u-group u-group-1\">\n          <div class=\"u-container-layout u-valign-bottom u-container-layout-1\">\n            <img decoding=\"async\" src=\"https:\/\/matilsapolska.pl\/wp-content\/uploads\/2020\/03\/matilsa_parma17_01.jpg\" class=\"u-align-left u-image u-image-1\" data-image-width=\"750\" data-image-height=\"450\">\n            <img decoding=\"async\" src=\"https:\/\/matilsapolska.pl\/wp-content\/uploads\/2020\/03\/AnimationParma17.gif\" alt=\"\" class=\"u-image u-image-default u-image-2\" data-image-width=\"400\" data-image-height=\"240\">\n          <\/div>\n        <\/div>\n      <\/div>\n    <\/section>\n    <section class=\"u-align-center u-clearfix u-palette-1-light-3 u-section-4\" id=\"carousel_b92f\">\n      <div class=\"u-clearfix u-sheet u-sheet-1\">\n        <h2 class=\"u-text u-text-1\">Parma 17 - dane techniczne<\/h2>\n        <p class=\"u-text u-text-2\">Podno\u015bnik na przyczepie ci\u0105gnionej przez samoch\u00f3d o wysoko\u015bci roboczej 17m<\/p>\n        <div class=\"u-clearfix u-expanded-width-lg u-expanded-width-md u-expanded-width-sm u-expanded-width-xl u-layout-wrap u-layout-wrap-1\">\n          <div class=\"u-layout\">\n            <div class=\"u-layout-row\">\n              <div class=\"u-container-style u-layout-cell u-left-cell u-size-60 u-layout-cell-1\">\n                <div class=\"u-container-layout u-container-layout-1\">\n                  <a href=\"https:\/\/matilsapolska.pl\/wp-content\/uploads\/2020\/03\/Katalog-Parma17_pl.pdf\" class=\"u-active-none u-border-2 u-border-palette-1-base u-btn u-btn-rectangle u-button-style u-hover-none u-none u-btn-1\" target=\"_blank\">Parma 17 - \u015bci\u0105gnij kart\u0119 katalogow\u0105<\/a>\n                <\/div>\n              <\/div>\n            <\/div>\n          <\/div>\n        <\/div>\n        <img decoding=\"async\" src=\"https:\/\/matilsapolska.pl\/wp-content\/uploads\/2020\/03\/Matilsa_Parma17_danetechniczne.jpg\" alt=\"\" class=\"u-expanded-width-lg u-expanded-width-md u-expanded-width-sm u-expanded-width-xs u-image u-image-default u-image-1\" data-image-width=\"1160\" data-image-height=\"975\">\n      <\/div>\n    <\/section>\n    <section class=\"u-align-center u-clearfix u-grey-10 u-section-5\" id=\"sec-f91b\">\n      <div class=\"u-clearfix u-sheet u-sheet-1\">\n        <div class=\"u-clearfix u-expanded-width u-gutter-10 u-layout-wrap u-layout-wrap-1\">\n          <div class=\"u-layout\">\n            <div class=\"u-layout-row\">\n              <div class=\"u-container-style u-image u-layout-cell u-left-cell u-size-15 u-size-30-md u-image-1\" src=\"\" data-image-width=\"640\" data-image-height=\"480\">\n                <div class=\"u-container-layout u-valign-middle u-container-layout-1\"><\/div>\n              <\/div>\n              <div class=\"u-align-left u-container-style u-layout-cell u-size-15 u-size-30-md u-layout-cell-2\">\n                <div class=\"u-container-layout u-valign-top u-container-layout-2\">\n                  <h3 class=\"u-text u-text-1\">Matilsa\n                    \n                    <br>Parma 17\n                  \n                  <\/h3>\n                  <p class=\"u-text u-text-2\">Sterowanie wszystkimi funkcjami podno\u015bnika odbywa si\u0119 poprzez zawory hydrauliczne. Zrezygnowalismy ze skomplikowanej elektroniki.<\/p>\n                <\/div>\n              <\/div>\n              <div class=\"u-container-style u-image u-layout-cell u-size-15 u-size-30-md u-image-2\" src=\"\" data-image-width=\"640\" data-image-height=\"480\">\n                <div class=\"u-container-layout u-valign-middle u-container-layout-3\"><\/div>\n              <\/div>\n              <div class=\"u-align-left u-container-style u-layout-cell u-right-cell u-size-15 u-size-30-md u-layout-cell-4\">\n                <div class=\"u-container-layout u-container-layout-4\">\n                  <h3 class=\"u-text u-text-3\">Matilsa\n                    \n                    <br>Parma 17\n                  \n                  <\/h3>\n                  <p class=\"u-text u-text-4\">Opcjonalnie mo\u017cna zam\u00f3wi\u0107 nap\u0119d silnikiem spalinowym uniezale\u017cniaj\u0105c sie od zewn\u0119trznych \u017ar\u00f3de\u0142 zasilania.<\/p>\n                <\/div>\n              <\/div>\n            <\/div>\n          <\/div>\n        <\/div>\n      <\/div>\n    <\/section>\n    <section class=\"u-align-center u-clearfix u-grey-10 u-section-6\" id=\"carousel_c490\">\n      <div class=\"u-clearfix u-sheet u-sheet-1\">\n        <div class=\"u-clearfix u-expanded-width u-gutter-10 u-layout-wrap u-layout-wrap-1\">\n          <div class=\"u-layout\">\n            <div class=\"u-layout-row\">\n              <div class=\"u-container-style u-image u-layout-cell u-left-cell u-size-15 u-size-30-md u-image-1\" src=\"\" data-image-width=\"700\" data-image-height=\"525\">\n                <div class=\"u-container-layout u-valign-middle u-container-layout-1\"><\/div>\n              <\/div>\n              <div class=\"u-align-left u-container-style u-layout-cell u-size-15 u-size-30-md u-layout-cell-2\">\n                <div class=\"u-container-layout u-container-layout-2\">\n                  <h3 class=\"u-text u-text-1\">Matilsa\n                    \n                    <br>Parma 17\n                  \n                  <\/h3>\n                  <p class=\"u-text u-text-2\">Podno\u015bnik wyposa\u017cony jest standardowo w uchwyty do haka i zawiesi celem transportu d\u017awigiem.&nbsp;<\/p>\n                <\/div>\n              <\/div>\n              <div class=\"u-container-style u-image u-layout-cell u-size-15 u-size-30-md u-image-2\" src=\"\" data-image-width=\"500\" data-image-height=\"334\">\n                <div class=\"u-container-layout u-valign-middle u-container-layout-3\"><\/div>\n              <\/div>\n              <div class=\"u-align-left u-container-style u-layout-cell u-right-cell u-size-15 u-size-30-md u-layout-cell-4\">\n                <div class=\"u-container-layout u-valign-middle u-container-layout-4\">\n                  <h3 class=\"u-text u-text-3\">Matilsa\n                    \n                    <br>Parma 17\n                  \n                  <\/h3>\n                  <p class=\"u-text u-text-4\">Aby u\u0142atwi\u0107 manewrowanie przyczep\u0105, mo\u017cna zam\u00f3wi\u0107 pomocniczy nap\u0119d jazdy.&nbsp;<\/p>\n                <\/div>\n              <\/div>\n            <\/div>\n          <\/div>\n        <\/div>\n      <\/div>\n    <\/section>\n    <section class=\"u-clearfix u-grey-10 u-lightbox u-section-7\" id=\"sec-94fc\">\n      <div class=\"u-clearfix u-sheet u-sheet-1\">\n        <div class=\"u-clearfix u-gutter-10 u-layout-wrap u-layout-wrap-1\">\n          <div class=\"u-gutter-0 u-layout\">\n            <div class=\"u-layout-col\">\n              <div class=\"u-size-20\">\n                <div class=\"u-layout-row\">\n                  <div class=\"u-container-style u-image u-layout-cell u-left-cell u-size-20 u-size-20-md u-image-1\" data-image-width=\"500\" data-image-height=\"750\">\n                    <div class=\"u-container-layout u-container-layout-1\"><\/div>\n                  <\/div>\n                  <div class=\"u-container-style u-image u-layout-cell u-size-20 u-size-20-md u-image-2\" data-image-width=\"750\" data-image-height=\"500\">\n                    <div class=\"u-container-layout u-container-layout-2\"><\/div>\n                  <\/div>\n                  <div class=\"u-container-style u-image u-layout-cell u-right-cell u-size-20 u-size-20-md u-image-3\" data-image-width=\"750\" data-image-height=\"500\">\n                    <div class=\"u-container-layout u-container-layout-3\"><\/div>\n                  <\/div>\n                <\/div>\n              <\/div>\n              <div class=\"u-size-20\">\n                <div class=\"u-layout-row\">\n                  <div class=\"u-container-style u-image u-layout-cell u-left-cell u-size-20 u-size-20-md u-image-4\" data-image-width=\"750\" data-image-height=\"500\">\n                    <div class=\"u-container-layout u-container-layout-4\"><\/div>\n                  <\/div>\n                  <div class=\"u-container-style u-image u-layout-cell u-size-20 u-size-20-md u-image-5\" data-image-width=\"750\" data-image-height=\"500\">\n                    <div class=\"u-container-layout u-container-layout-5\"><\/div>\n                  <\/div>\n                  <div class=\"u-container-style u-image u-layout-cell u-right-cell u-size-20 u-size-20-md u-image-6\" data-image-width=\"750\" data-image-height=\"500\">\n                    <div class=\"u-container-layout u-container-layout-6\"><\/div>\n                  <\/div>\n                <\/div>\n              <\/div>\n              <div class=\"u-size-20\">\n                <div class=\"u-layout-row\">\n                  <div class=\"u-container-style u-image u-layout-cell u-left-cell u-size-20 u-size-20-md u-image-7\" data-image-width=\"640\" data-image-height=\"427\">\n                    <div class=\"u-container-layout u-container-layout-7\"><\/div>\n                  <\/div>\n                  <div class=\"u-container-style u-image u-layout-cell u-size-20 u-size-20-md u-image-8\" data-image-width=\"427\" data-image-height=\"640\">\n                    <div class=\"u-container-layout u-container-layout-8\"><\/div>\n                  <\/div>\n                  <div class=\"u-container-style u-image u-layout-cell u-right-cell u-size-20 u-size-20-md u-image-9\" data-image-width=\"700\" data-image-height=\"394\">\n                    <div class=\"u-container-layout u-container-layout-9\"><\/div>\n                  <\/div>\n                <\/div>\n              <\/div>\n            <\/div>\n          <\/div>\n        <\/div>\n      <\/div>\n    <\/section>\n    <section class=\"u-clearfix u-white u-section-8\" id=\"sec-53b4\">\n      <div class=\"u-clearfix u-sheet u-sheet-1\">\n        <div class=\"u-clearfix u-expanded-width u-gutter-50 u-layout-wrap u-layout-wrap-1\">\n          <div class=\"u-layout\">\n            <div class=\"u-layout-row\">\n              <div class=\"u-align-left u-container-style u-layout-cell u-left-cell u-size-30 u-layout-cell-1\">\n                <div class=\"u-container-layout u-container-layout-1\">\n                  <div class=\"u-expanded u-video\">\n                    <div style=\" position: absolute;width:178%;left:-39%;height:178%;top:-39%\" class=\"embed-responsive\">\n                      <iframe style=\"position: absolute;top: 0;left: 0;width: 100%;height: 100%;\" class=\"embed-responsive-item\" src=\"https:\/\/www.youtube.com\/embed\/XYzBioVlQy4?mute=0&amp;showinfo=0&amp;controls=0&amp;start=0\" frameborder=\"0\" allowfullscreen=\"\"><\/iframe>\n                    <\/div>\n                  <\/div>\n                <\/div>\n              <\/div>\n              <div class=\"u-align-left u-container-style u-layout-cell u-right-cell u-size-30 u-layout-cell-2\">\n                <div class=\"u-container-layout u-container-layout-2\">\n                  <h2 class=\"u-text u-text-1\">Matilsa Parma 17<\/h2>\n                  <p class=\"u-text u-text-2\">Podno\u015bnik Parma 17 - \u0142atwa obs\u0142uga podno\u015bnika.<\/p>\n                <\/div>\n              <\/div>\n            <\/div>\n          <\/div>\n        <\/div>\n      <\/div>\n    <\/section>\n    <section class=\"u-clearfix u-white u-section-9\" id=\"carousel_3fc3\">\n      <div class=\"u-clearfix u-sheet u-sheet-1\">\n        <div class=\"u-clearfix u-expanded-width u-gutter-50 u-layout-wrap u-layout-wrap-1\">\n          <div class=\"u-layout\">\n            <div class=\"u-layout-row\">\n              <div class=\"u-align-left u-container-style u-layout-cell u-left-cell u-size-30 u-layout-cell-1\">\n                <div class=\"u-container-layout u-container-layout-1\">\n                  <div class=\"u-expanded u-video\">\n                    <div style=\" position: absolute;width:178%;left:-39%;height:178%;top:-39%\" class=\"embed-responsive\">\n                      <iframe style=\"position: absolute;top: 0;left: 0;width: 100%;height: 100%;\" class=\"embed-responsive-item\" src=\"https:\/\/www.youtube.com\/embed\/bhVVgUAL71o?mute=0&amp;showinfo=0&amp;controls=0&amp;start=0\" frameborder=\"0\" allowfullscreen=\"\"><\/iframe>\n                    <\/div>\n                  <\/div>\n                <\/div>\n              <\/div>\n              <div class=\"u-align-left u-container-style u-layout-cell u-right-cell u-size-30 u-layout-cell-2\">\n                <div class=\"u-container-layout u-container-layout-2\">\n                  <h2 class=\"u-text u-text-1\">Matilsa Parma 17<\/h2>\n                  <p class=\"u-text u-text-2\">Parma 17 - pomocniczy nap\u0119d jazdy u\u0142atwia manewrowanie podno\u015bnikiem.<\/p>\n                <\/div>\n              <\/div>\n            <\/div>\n          <\/div>\n        <\/div>\n      <\/div>\n    <\/section>\n    \n    \n    <span style=\"height: 64px; width: 64px; margin-left: 0; margin-right: auto; margin-top: 0; right: 20px; bottom: 20px; background-image: none;\" class=\"u-back-to-top u-icon u-icon-rounded u-palette-5-base u-spacing-10\" data-href=\"#\">\n      <svg class=\"u-svg-link\" preserveAspectRatio=\"xMidYMin slice\" viewBox=\"0 0 551.13 551.13\"><use xmlns:xlink=\"http:\/\/www.w3.org\/1999\/xlink\" xlink:href=\"#svg-1d98\"><\/use><\/svg>\n      <svg class=\"u-svg-content\" enable-background=\"new 0 0 551.13 551.13\" viewBox=\"0 0 551.13 551.13\" xmlns=\"http:\/\/www.w3.org\/2000\/svg\" id=\"svg-1d98\"><path d=\"m275.565 189.451 223.897 223.897h51.668l-275.565-275.565-275.565 275.565h51.668z\"><\/path><\/svg>\n    <\/span>\n  \n<\/div>","protected":false},"excerpt":{"rendered":"<p>MATILSA PARMA 17 wysoko\u015b\u0107 robocza 17m Matilsa Parma 17 Podno\u015bnik teleskopowo przegubowy na przyczepie ci\u0105gnionej przez samoch\u00f3d o wysoko\u015bci roboczej 17m.&nbsp;Trzy mo\u017cliwe \u017ar\u00f3d\u0142a zasilania (akumulatory 230 V AC, 24 V lub silnik spalinowy). Wersja standardowa wyposa\u017cona w hydrauliczne stabilizatory. Parma 17 &#8211; dane techniczne Podno\u015bnik na przyczepie ci\u0105gnionej przez samoch\u00f3d o wysoko\u015bci roboczej 17m Parma &hellip; <a href=\"https:\/\/matilsapolska.pl\/index.php\/matilsa-parma-17\/\" class=\"more-link\">Continue reading<span class=\"screen-reader-text\"> &#8222;Matilsa Parma 17&#8221;<\/span><\/a><\/p>\n","protected":false},"author":1,"featured_media":0,"parent":0,"menu_order":10,"comment_status":"closed","ping_status":"closed","template":"","meta":{"_monsterinsights_skip_tracking":false,"_monsterinsights_sitenote_active":false,"_monsterinsights_sitenote_note":"","_monsterinsights_sitenote_category":0,"footnotes":""},"class_list":["post-131","page","type-page","status-publish","hentry"],"_links":{"self":[{"href":"https:\/\/matilsapolska.pl\/index.php\/wp-json\/wp\/v2\/pages\/131","targetHints":{"allow":["GET"]}}],"collection":[{"href":"https:\/\/matilsapolska.pl\/index.php\/wp-json\/wp\/v2\/pages"}],"about":[{"href":"https:\/\/matilsapolska.pl\/index.php\/wp-json\/wp\/v2\/types\/page"}],"author":[{"embeddable":true,"href":"https:\/\/matilsapolska.pl\/index.php\/wp-json\/wp\/v2\/users\/1"}],"replies":[{"embeddable":true,"href":"https:\/\/matilsapolska.pl\/index.php\/wp-json\/wp\/v2\/comments?post=131"}],"version-history":[{"count":3,"href":"https:\/\/matilsapolska.pl\/index.php\/wp-json\/wp\/v2\/pages\/131\/revisions"}],"predecessor-version":[{"id":192,"href":"https:\/\/matilsapolska.pl\/index.php\/wp-json\/wp\/v2\/pages\/131\/revisions\/192"}],"wp:attachment":[{"href":"https:\/\/matilsapolska.pl\/index.php\/wp-json\/wp\/v2\/media?parent=131"}],"curies":[{"name":"wp","href":"https:\/\/api.w.org\/{rel}","templated":true}]}}